{"id":10,"date":"2018-10-13T02:01:45","date_gmt":"2018-10-13T00:01:45","guid":{"rendered":"http:\/\/localhost\/iAuditor%20web%20page\/?page_id=10"},"modified":"2019-02-02T18:20:34","modified_gmt":"2019-02-02T17:20:34","slug":"kontakt","status":"publish","type":"page","link":"https:\/\/iauditor.pl\/index.php\/kontakt\/","title":{"rendered":"Kontakt"},"content":{"rendered":"<p><img decoding=\"async\" src=\"http:\/\/iauditor.pl\/wp-content\/uploads\/2018\/10\/Logo-iAuditor-small-1.png\" alt=\"iAuditor\" width=\"124\" height=\"113\" \/><\/p>\n<p><img fetchpriority=\"high\" decoding=\"async\" class=\"alignright\" style=\"caret-color: #000000; color: #000000; font-family: -webkit-standard; font-style: normal; font-variant-caps: normal;\" src=\"http:\/\/iauditor.pl\/wp-content\/uploads\/2018\/10\/Moje-zdjecie-200x300.png\" alt=\"\" width=\"200\" height=\"300\" \/><\/p>\n<h4>i<span style=\"color: #ff0000;\">A<\/span>uditor Romuald Urba\u0144ski<\/h4>\n<h4>ul. Jana Paw\u0142a II 33\/4<br style=\"margin: 0px; padding: 0px; outline: 0px;\" \/>05-077 Warszawa<br style=\"margin: 0px; padding: 0px; outline: 0px;\" \/><br style=\"margin: 0px; padding: 0px; outline: 0px;\" \/>tel. +48 730000924<br style=\"margin: 0px; padding: 0px; outline: 0px;\" \/>Skype: iauditor666<\/h4>\n<h4>Strona firmowa: <a href=\"http:\/\/iauditor.pl\">www.iauditor.pl<\/a><br style=\"margin: 0px; padding: 0px; outline: 0px;\" \/>email: <a href=\"mailto:r.urbanski@iauditor.pl\">r.urbanski@iauditor.pl<\/a><\/h4>\n<h4><a href=\"https:\/\/twitter.com\/Romuald10782595?lang=pl\">Twitter<\/a><\/h4>\n<p><script type=\"text\/javascript\" src=\"https:\/\/platform.linkedin.com\/badges\/js\/profile.js\" async=\"\" defer=\"\"><\/script><\/p>\n<div class=\"LI-profile-badge\" data-version=\"v1\" data-size=\"medium\" data-locale=\"pl_PL\" data-type=\"horizontal\" data-theme=\"dark\" data-vanity=\"romuald-urba\u0144ski-61511675\"><a class=\"LI-simple-link\" href=\"https:\/\/pl.linkedin.com\/in\/romuald-urba%C5%84ski-61511675?trk=profile-badge\">Romuald Urba\u0144ski<\/a><\/div>\n<p style=\"font-style: normal; font-variant-caps: normal; margin-bottom: 0px; padding: 10px; outline: 0px; caret-color: #5b5b5b; font-family: 'Lucida Grande', Geneva, Verdana, Arial, Helvetica, sans-serif;\">W\u0142a\u015bciciel Romuald Urba\u0144ski\u00a0wieloletni auditor wiod\u0105cy TUV Nord Polska, TUV Nord Germany, Dekra Certification B.V., Senior Regulatory Affairs Manager w Valeant, Philips B.V. Trener firm produkuj\u0105cych wyroby medyczne w Polsce, Brazyli, Rosji, Bu\u0142garii, Litwie, S\u0142owacji.<\/p>\n<p><iframe src=\"https:\/\/maps.google.com\/maps?q=05-077%20Weso%C5%82a%2C%20jana%20Paw%C5%82a%20II%2033&amp;t=m&amp;z=10&amp;output=embed&amp;iwloc=near\" frameborder=\"0\" marginwidth=\"0\" marginheight=\"0\" scrolling=\"no\" aria-label=\"05-077 Weso\u0142a, jana Paw\u0142a II 33\"><\/iframe><\/p>\n","protected":false},"excerpt":{"rendered":"<p>iAuditor Romuald Urba\u0144ski ul. Jana Paw\u0142a II 33\/405-077 Warszawatel. +48 730000924Skype: iauditor666 Strona firmowa: www.iauditor.plemail: r.urbanski@iauditor.pl Twitter Romuald Urba\u0144ski W\u0142a\u015bciciel Romuald Urba\u0144ski\u00a0wieloletni auditor wiod\u0105cy TUV Nord Polska, TUV Nord Germany, Dekra Certification B.V., Senior Regulatory Affairs Manager w Valeant, Philips B.V. Trener firm produkuj\u0105cych wyroby medyczne w Polsce, Brazyli, Rosji, Bu\u0142garii, Litwie, S\u0142owacji.<\/p>\n","protected":false},"author":1,"featured_media":0,"parent":0,"menu_order":0,"comment_status":"closed","ping_status":"closed","template":"","meta":{"footnotes":""},"class_list":["post-10","page","type-page","status-publish","hentry"],"_links":{"self":[{"href":"https:\/\/iauditor.pl\/index.php\/wp-json\/wp\/v2\/pages\/10","targetHints":{"allow":["GET"]}}],"collection":[{"href":"https:\/\/iauditor.pl\/index.php\/wp-json\/wp\/v2\/pages"}],"about":[{"href":"https:\/\/iauditor.pl\/index.php\/wp-json\/wp\/v2\/types\/page"}],"author":[{"embeddable":true,"href":"https:\/\/iauditor.pl\/index.php\/wp-json\/wp\/v2\/users\/1"}],"replies":[{"embeddable":true,"href":"https:\/\/iauditor.pl\/index.php\/wp-json\/wp\/v2\/comments?post=10"}],"version-history":[{"count":35,"href":"https:\/\/iauditor.pl\/index.php\/wp-json\/wp\/v2\/pages\/10\/revisions"}],"predecessor-version":[{"id":626,"href":"https:\/\/iauditor.pl\/index.php\/wp-json\/wp\/v2\/pages\/10\/revisions\/626"}],"wp:attachment":[{"href":"https:\/\/iauditor.pl\/index.php\/wp-json\/wp\/v2\/media?parent=10"}],"curies":[{"name":"wp","href":"https:\/\/api.w.org\/{rel}","templated":true}]}}