{"id":445,"date":"2018-10-14T23:15:51","date_gmt":"2018-10-14T21:15:51","guid":{"rendered":"http:\/\/localhost\/iAuditor%20web%20page\/?page_id=271"},"modified":"2018-11-07T08:01:51","modified_gmt":"2018-11-07T07:01:51","slug":"subscribe","status":"publish","type":"page","link":"https:\/\/iauditor.pl\/index.php\/en\/subscribe\/","title":{"rendered":"Subscribe"},"content":{"rendered":"<p>To receive information by e-mail please provide your contact information and read the Privacy policy &#8222;<a href=\"http:\/\/iauditor.pl\/index.php\/en\/policy-privacy\/\">Privacy policy<\/a>&#8222;:<\/p>\n<p>Required Fields *<\/p>\n<script>(function() {\n\twindow.mc4wp = window.mc4wp || {\n\t\tlisteners: [],\n\t\tforms: {\n\t\t\ton: function(evt, cb) {\n\t\t\t\twindow.mc4wp.listeners.push(\n\t\t\t\t\t{\n\t\t\t\t\t\tevent   : evt,\n\t\t\t\t\t\tcallback: cb\n\t\t\t\t\t}\n\t\t\t\t);\n\t\t\t}\n\t\t}\n\t}\n})();\n<\/script><!-- Mailchimp for WordPress v4.12.1 - https:\/\/wordpress.org\/plugins\/mailchimp-for-wp\/ --><form id=\"mc4wp-form-1\" class=\"mc4wp-form mc4wp-form-270\" method=\"post\" data-id=\"270\" data-name=\"Subskrybcja\" ><div class=\"mc4wp-form-fields\"><p>\r\n    <label>First Name: *<\/label>\r\n    <input type=\"text\" name=\"FNAME\" placeholder=\"Imi\u0119\" required=\"\">\r\n<\/p>\r\n<p>\r\n    <label>Last Name:<\/label>\r\n    <input type=\"text\" name=\"LNAME\" placeholder=\"Nazwisko\">\r\n<\/p>\r\n\r\n<p>\r\n\t<label>Email address: *<\/label>\r\n\t<input type=\"email\" name=\"EMAIL\" placeholder=\"Tw\u00f3j adres e-mailowy\" required \/>\r\n<\/p>\r\n<p>\r\n    <label>Phone Number:<\/label>\r\n    <input type=\"tel\" name=\"PHONE\" placeholder=\"Kontakt Telefoniczny\">\r\n<\/p>\r\n\r\n<p>\r\n\t<input type=\"submit\" value=\"Sign up\" \/>\r\n<\/p><\/div><label style=\"display: none !important;\">Pozostaw to pole puste, je\u015bli jeste\u015b cz\u0142owiekiem: <input type=\"text\" name=\"_mc4wp_honeypot\" value=\"\" tabindex=\"-1\" autocomplete=\"off\" \/><\/label><input type=\"hidden\" name=\"_mc4wp_timestamp\" value=\"1775747087\" \/><input type=\"hidden\" name=\"_mc4wp_form_id\" value=\"270\" \/><input type=\"hidden\" name=\"_mc4wp_form_element_id\" value=\"mc4wp-form-1\" \/><div class=\"mc4wp-response\"><\/div><\/form><!-- \/ Mailchimp for WordPress Plugin -->\n","protected":false},"excerpt":{"rendered":"<p>To receive information by e-mail please provide your contact information and read the Privacy policy &#8222;Privacy policy&#8222;: Required Fields *<\/p>\n","protected":false},"author":1,"featured_media":0,"parent":0,"menu_order":0,"comment_status":"closed","ping_status":"closed","template":"","meta":{"footnotes":""},"class_list":["post-445","page","type-page","status-publish","hentry"],"_links":{"self":[{"href":"https:\/\/iauditor.pl\/index.php\/wp-json\/wp\/v2\/pages\/445","targetHints":{"allow":["GET"]}}],"collection":[{"href":"https:\/\/iauditor.pl\/index.php\/wp-json\/wp\/v2\/pages"}],"about":[{"href":"https:\/\/iauditor.pl\/index.php\/wp-json\/wp\/v2\/types\/page"}],"author":[{"embeddable":true,"href":"https:\/\/iauditor.pl\/index.php\/wp-json\/wp\/v2\/users\/1"}],"replies":[{"embeddable":true,"href":"https:\/\/iauditor.pl\/index.php\/wp-json\/wp\/v2\/comments?post=445"}],"version-history":[{"count":3,"href":"https:\/\/iauditor.pl\/index.php\/wp-json\/wp\/v2\/pages\/445\/revisions"}],"predecessor-version":[{"id":503,"href":"https:\/\/iauditor.pl\/index.php\/wp-json\/wp\/v2\/pages\/445\/revisions\/503"}],"wp:attachment":[{"href":"https:\/\/iauditor.pl\/index.php\/wp-json\/wp\/v2\/media?parent=445"}],"curies":[{"name":"wp","href":"https:\/\/api.w.org\/{rel}","templated":true}]}}